{"id":295,"date":"2020-12-04T20:39:41","date_gmt":"2020-12-04T19:39:41","guid":{"rendered":"http:\/\/vssieghartskirchen.ac.at\/wordpress\/?page_id=295"},"modified":"2026-02-25T11:00:43","modified_gmt":"2026-02-25T10:00:43","slug":"elternverein","status":"publish","type":"page","link":"https:\/\/vssieghartskirchen.ac.at\/?page_id=295","title":{"rendered":"Elternverein"},"content":{"rendered":"\n<figure class=\"wp-block-image size-large\"><img decoding=\"async\" loading=\"lazy\" width=\"1024\" height=\"768\" src=\"https:\/\/vssieghartskirchen.ac.at\/wp-content\/uploads\/2026\/02\/IMG_4420-1024x768.jpeg\" alt=\"\" class=\"wp-image-3700\" srcset=\"https:\/\/vssieghartskirchen.ac.at\/wp-content\/uploads\/2026\/02\/IMG_4420-1024x768.jpeg 1024w, https:\/\/vssieghartskirchen.ac.at\/wp-content\/uploads\/2026\/02\/IMG_4420-300x225.jpeg 300w, https:\/\/vssieghartskirchen.ac.at\/wp-content\/uploads\/2026\/02\/IMG_4420-768x576.jpeg 768w, https:\/\/vssieghartskirchen.ac.at\/wp-content\/uploads\/2026\/02\/IMG_4420-1536x1152.jpeg 1536w, https:\/\/vssieghartskirchen.ac.at\/wp-content\/uploads\/2026\/02\/IMG_4420-2048x1536.jpeg 2048w\" sizes=\"(max-width: 1024px) 100vw, 1024px\" \/><figcaption class=\"wp-element-caption\">Krapfenspende des Elternvereins am Faschingsdienstag 2026<\/figcaption><\/figure>\n\n\n\n<p><\/p>\n\n\n\n<p><\/p>\n\n\n\n<figure class=\"wp-block-table\"><table><tbody><tr><td>Obmann:<\/td><td>Johannes Albrecht<\/td><td>0676 56 09 797<\/td><\/tr><tr><td>Obmannstellvertreterin:<\/td><td>Anne Schuster<\/td><td>0664 31 70 481<\/td><\/tr><tr><td>Schriftf\u00fchrerin:<\/td><td>Kerstin Beer<\/td><td>0660 70 53 321<\/td><\/tr><tr><td>Schriftf\u00fchrerin-Stellvertreterin:<\/td><td>Margarethe Vizvari<\/td><td>0660 47 60 743<\/td><\/tr><tr><td>Kassierin:<\/td><td>Angelique Durmazg\u00fcler<\/td><td>0660 22 73 161<\/td><\/tr><tr><td>Kassierin-Stellvertreterin:<\/td><td>Kristin Langgassner<\/td><td>0660 46 06 605<\/td><\/tr><tr><td><\/td><td><\/td><td><\/td><\/tr><tr><td>Kassapr\u00fcfer:<\/td><td>Christian Kortschak<\/td><td><\/td><\/tr><tr><td>Beirat:<\/td><td><\/td><td><br><\/td><\/tr><\/tbody><\/table><\/figure>\n\n\n<p>Liebe Eltern, liebe Erziehungsberechtigte!<br \/>Der Elternverein der Volksschule Sieghartskirchen arbeitet ehrenamtlich mit Leib und Seele f\u00fcr die Kinder, Eltern, Lehrer, Direktion, also die ganze Schule. <br \/>W\u00e4hrend des Schuljahres kommen Lehrer, Direktion und auch Eltern mit W\u00fcnschen auf uns zu. Es geht um Unterrichtsmaterialien, Spiele, Unterst\u00fctzung bei Buskosten f\u00fcr Sportwettbewerbe, Sonderanfertigungen f\u00fcr M\u00f6belst\u00fccke (Sitztreppe in der Bibliothek, Lernnischen), aber auch um die Unterst\u00fctzung sozial benachteiligter Familien. <br \/>Wir organisieren Buffets bei diversen Schulveranstaltungen und es gibt den Mitgliedsbeitrag von 14\u20ac pro Jahr, pro Familie.<\/p>\n<p>Ihnen gilt ein herzliches Dankesch\u00f6n f\u00fcr Ihre zahlreichen freien Spenden, sei es materieller oder kulinarischer Art, bei den Veranstaltungen. <br \/>Die Ausgaben f\u00fcr die Schule, also auch f\u00fcr Ihr\/e Kind\/er, belaufen sich pro Jahr auf mehrere tausend Euro. Da alle Einnahmen ausnahmslos der gesamten Volksschule zugute kommen, tritt der Verein auch mit der Bitte um Spenden an alle Klassen heran. Egal, ob die Klasse aktiv an der Veranstaltung beteiligt ist, oder nicht. Daf\u00fcr gilt Ihnen, den Eltern und den veranstaltenden Klassen, ein gro\u00dfes, von Herzen kommendes DANKESCH\u00d6N!<\/p>\n<p>Ausf\u00fchrlich k\u00f6nnen Sie sich bei der Generalversammlung \u00fcber die Einnahmen und Ausgaben, Projekte und Unterst\u00fctzungen informieren. Wir laden Sie dazu herzlich ein, der Termin wird jedes Jahr rechtzeitig bekannt gegeben.<\/p>\n<p>Ihre Anliegen, Ideen und Interessen k\u00f6nnen Sie gerne jederzeit aktiv im Vereinsvorstand einbringen. Trauen Sie sich &#8211; sprechen Sie uns an und erkundigen Sie sich \u00fcber unsere T\u00e4tigkeiten!<\/p>\n<p>Alles Liebe,<br \/>Ihr Elternverein<\/p>\n\n\n<div style=\"height:20px\" aria-hidden=\"true\" class=\"wp-block-spacer\"><\/div>\n\n\n<h3>F\u00f6rderm\u00f6glichkeit:<\/h3>\n\n\n<div class=\"wp-block-file\"><a id=\"wp-block-file--media-5043f7a0-06e4-4e3e-9935-f566187cd1db\" href=\"https:\/\/vssieghartskirchen.ac.at\/wp-content\/uploads\/2020\/12\/Forderungsrichtlinien.pdf\">F\u00f6rderungsrichtlinien<\/a><a href=\"https:\/\/vssieghartskirchen.ac.at\/wp-content\/uploads\/2020\/12\/Forderungsrichtlinien.pdf\" class=\"wp-block-file__button wp-element-button\" download aria-describedby=\"wp-block-file--media-5043f7a0-06e4-4e3e-9935-f566187cd1db\">Herunterladen<\/a><\/div>\n\n\n\n<div class=\"wp-block-file\"><a id=\"wp-block-file--media-32f18e2a-c198-42d6-9227-9d03a63d11fc\" href=\"https:\/\/vssieghartskirchen.ac.at\/wp-content\/uploads\/2021\/12\/EV-Foerder-Antragsformular.pdf\">EV-Foerder-Antragsformular<\/a><a href=\"https:\/\/vssieghartskirchen.ac.at\/wp-content\/uploads\/2021\/12\/EV-Foerder-Antragsformular.pdf\" class=\"wp-block-file__button wp-element-button\" download aria-describedby=\"wp-block-file--media-32f18e2a-c198-42d6-9227-9d03a63d11fc\">Herunterladen<\/a><\/div>\n\n\n\n<p><\/p>\n ","protected":false},"excerpt":{"rendered":"<p>Obmann: Johannes Albrecht 0676 56 09 797 Obmannstellvertreterin: Anne Schuster 0664 31 70 481 Schriftf\u00fchrerin: Kerstin Beer 0660 70 53 &hellip; <\/p>\n","protected":false},"author":1,"featured_media":0,"parent":0,"menu_order":0,"comment_status":"closed","ping_status":"closed","template":"","meta":{"ngg_post_thumbnail":0,"footnotes":""},"_links":{"self":[{"href":"https:\/\/vssieghartskirchen.ac.at\/index.php?rest_route=\/wp\/v2\/pages\/295"}],"collection":[{"href":"https:\/\/vssieghartskirchen.ac.at\/index.php?rest_route=\/wp\/v2\/pages"}],"about":[{"href":"https:\/\/vssieghartskirchen.ac.at\/index.php?rest_route=\/wp\/v2\/types\/page"}],"author":[{"embeddable":true,"href":"https:\/\/vssieghartskirchen.ac.at\/index.php?rest_route=\/wp\/v2\/users\/1"}],"replies":[{"embeddable":true,"href":"https:\/\/vssieghartskirchen.ac.at\/index.php?rest_route=%2Fwp%2Fv2%2Fcomments&post=295"}],"version-history":[{"count":29,"href":"https:\/\/vssieghartskirchen.ac.at\/index.php?rest_route=\/wp\/v2\/pages\/295\/revisions"}],"predecessor-version":[{"id":3727,"href":"https:\/\/vssieghartskirchen.ac.at\/index.php?rest_route=\/wp\/v2\/pages\/295\/revisions\/3727"}],"wp:attachment":[{"href":"https:\/\/vssieghartskirchen.ac.at\/index.php?rest_route=%2Fwp%2Fv2%2Fmedia&parent=295"}],"curies":[{"name":"wp","href":"https:\/\/api.w.org\/{rel}","templated":true}]}}