{"id":590,"date":"2021-01-27T15:27:04","date_gmt":"2021-01-27T14:27:04","guid":{"rendered":"https:\/\/vssieghartskirchen.ac.at\/?page_id=590"},"modified":"2021-01-27T15:28:18","modified_gmt":"2021-01-27T14:28:18","slug":"impressum","status":"publish","type":"page","link":"https:\/\/vssieghartskirchen.ac.at\/?page_id=590","title":{"rendered":"Impressum"},"content":{"rendered":"\n<p><strong>Verantwortlich f\u00fcr den Inhalt:<br><br>Mag. Martha Hollergschwandtner<\/strong><br>Schulleiterin der VS Sieghartskirchen<br>Tullnerstra\u00dfe 22<br>3443 Sieghartskirchen<br><br>Telefon: 02274-2291<br>Mail: 321291@noeschule.at<\/p>\n\n\n\n<p><\/p>\n\n\n\n<p><strong>Webgestaltung: <\/strong><br>Dipl.-P\u00e4d. Lena Rauscher, BEd<br>Prof. David Fohringer-Hackl, BEd<\/p>\n ","protected":false},"excerpt":{"rendered":"<p>Verantwortlich f\u00fcr den Inhalt: Mag. Martha HollergschwandtnerSchulleiterin der VS SieghartskirchenTullnerstra\u00dfe 223443 Sieghartskirchen Telefon: 02274-2291Mail: 321291@noeschule.at Webgestaltung: Dipl.-P\u00e4d. Lena Rauscher, BEdProf. &hellip; <\/p>\n","protected":false},"author":1,"featured_media":0,"parent":0,"menu_order":0,"comment_status":"closed","ping_status":"closed","template":"","meta":{"ngg_post_thumbnail":0,"footnotes":""},"_links":{"self":[{"href":"https:\/\/vssieghartskirchen.ac.at\/index.php?rest_route=\/wp\/v2\/pages\/590"}],"collection":[{"href":"https:\/\/vssieghartskirchen.ac.at\/index.php?rest_route=\/wp\/v2\/pages"}],"about":[{"href":"https:\/\/vssieghartskirchen.ac.at\/index.php?rest_route=\/wp\/v2\/types\/page"}],"author":[{"embeddable":true,"href":"https:\/\/vssieghartskirchen.ac.at\/index.php?rest_route=\/wp\/v2\/users\/1"}],"replies":[{"embeddable":true,"href":"https:\/\/vssieghartskirchen.ac.at\/index.php?rest_route=%2Fwp%2Fv2%2Fcomments&post=590"}],"version-history":[{"count":2,"href":"https:\/\/vssieghartskirchen.ac.at\/index.php?rest_route=\/wp\/v2\/pages\/590\/revisions"}],"predecessor-version":[{"id":593,"href":"https:\/\/vssieghartskirchen.ac.at\/index.php?rest_route=\/wp\/v2\/pages\/590\/revisions\/593"}],"wp:attachment":[{"href":"https:\/\/vssieghartskirchen.ac.at\/index.php?rest_route=%2Fwp%2Fv2%2Fmedia&parent=590"}],"curies":[{"name":"wp","href":"https:\/\/api.w.org\/{rel}","templated":true}]}}