{"id":9,"date":"2020-11-25T13:37:32","date_gmt":"2020-11-25T12:37:32","guid":{"rendered":"http:\/\/vssieghartskirchen.ac.at\/wordpress\/?page_id=9"},"modified":"2026-02-25T11:00:15","modified_gmt":"2026-02-25T10:00:15","slug":"ueber-uns","status":"publish","type":"page","link":"https:\/\/vssieghartskirchen.ac.at\/?page_id=9","title":{"rendered":"Unser Team"},"content":{"rendered":"\n<p> <br><\/p>\n\n\n\n<figure class=\"wp-block-image size-large\"><img decoding=\"async\" loading=\"lazy\" width=\"1024\" height=\"683\" src=\"https:\/\/vssieghartskirchen.ac.at\/wp-content\/uploads\/2025\/11\/081025-1621-1024x683.jpg\" alt=\"\" class=\"wp-image-3523\" srcset=\"https:\/\/vssieghartskirchen.ac.at\/wp-content\/uploads\/2025\/11\/081025-1621-1024x683.jpg 1024w, https:\/\/vssieghartskirchen.ac.at\/wp-content\/uploads\/2025\/11\/081025-1621-300x200.jpg 300w, https:\/\/vssieghartskirchen.ac.at\/wp-content\/uploads\/2025\/11\/081025-1621-768x512.jpg 768w, https:\/\/vssieghartskirchen.ac.at\/wp-content\/uploads\/2025\/11\/081025-1621-1536x1024.jpg 1536w, https:\/\/vssieghartskirchen.ac.at\/wp-content\/uploads\/2025\/11\/081025-1621-2048x1365.jpg 2048w\" sizes=\"(max-width: 1024px) 100vw, 1024px\" \/><\/figure>\n\n\n\n<ol>\n<li>Reihe von links nach rechts: Prof. Selina Seidler, BEd MEd; Prof. Judith Klocker, BEd;                       Dipl. P\u00e4d. Simone Biri-Langthaler; Direktorin VOL Mag. Martha Hollergschwandtner;                      Dipl. P\u00e4d. VOL Isabella Lackner; Prof. Barbara Nast, BEd; Prof. Patricia Breier, BEd<\/li>\n\n\n\n<li>Reihe von links nach rechts: Dipl. P\u00e4d. Bernadette Eder Rel.rk.; Dipl. P\u00e4d. VOL Brigitte Z\u00f6gl;            Prof. Lea van Mazijk, BEd; Dipl. P\u00e4d. VOL Manuela Wagner TD; Prof. David Fohringer-Hackl, BEd; Schulassistenz Anni Eberl; SL Gerlinde Neugebauer, BEd; Schulassistenz Milica Kostic;                    Prof. Melanie Vidic, BEd (derzeit in Karenz); Prof. Julia Kopp, BEd MEd<\/li>\n\n\n\n<li>Reihe von links nach rechts: Schulsekret\u00e4rin Nina Laber, Prof. Christina Zischkin, BEd MEd (derzeit in Karenz);            Dipl. P\u00e4d. VOL Theresia Lachinger; Dipl. P\u00e4d. Mag. phil. Mabrouk Sadok;                                                  Dipl. P\u00e4d. VOL Gabriela Popp, MEd; Dipl. P\u00e4d. Christian H\u00fcbner; Prof. Kerstin Rast, BEd MEd;          Dipl. P\u00e4d. VOL Susanne Husner; Prof. Carina Kautz, BEd<br><\/li>\n<\/ol>\n\n\n\n<div style=\"height:30px\" aria-hidden=\"true\" class=\"wp-block-spacer\"><\/div>\n\n\n\n<div class=\"wp-block-group alignwide is-layout-flow wp-block-group-is-layout-flow\"><div class=\"wp-block-group__inner-container\"><\/div><\/div>\n\n\n\n<div class=\"wp-block-media-text alignwide is-stacked-on-mobile\" style=\"grid-template-columns:25% auto\"><figure class=\"wp-block-media-text__media\"><img decoding=\"async\" loading=\"lazy\" width=\"149\" height=\"224\" src=\"https:\/\/vssieghartskirchen.ac.at\/wp-content\/uploads\/2026\/02\/Bildschirmfoto_12-2-2026_111230_.jpeg\" alt=\"\" class=\"wp-image-3684 size-full\"\/><\/figure><div class=\"wp-block-media-text__content\">\n<p style=\"font-size:17px\">Prof. Sabrina Sekyra, BEd MEd <\/p>\n\n\n\n<p style=\"font-size:17px\"><\/p>\n<\/div><\/div>\n\n\n\n<p><\/p>\n\n\n\n<div class=\"wp-block-media-text alignwide is-stacked-on-mobile\" style=\"grid-template-columns:25% auto\"><figure class=\"wp-block-media-text__media\"><img decoding=\"async\" loading=\"lazy\" width=\"942\" height=\"1024\" src=\"https:\/\/vssieghartskirchen.ac.at\/wp-content\/uploads\/2026\/02\/Bild_Moritz_Rischanek-942x1024.jpg\" alt=\"\" class=\"wp-image-3682 size-full\" srcset=\"https:\/\/vssieghartskirchen.ac.at\/wp-content\/uploads\/2026\/02\/Bild_Moritz_Rischanek-942x1024.jpg 942w, https:\/\/vssieghartskirchen.ac.at\/wp-content\/uploads\/2026\/02\/Bild_Moritz_Rischanek-276x300.jpg 276w, https:\/\/vssieghartskirchen.ac.at\/wp-content\/uploads\/2026\/02\/Bild_Moritz_Rischanek-768x835.jpg 768w, https:\/\/vssieghartskirchen.ac.at\/wp-content\/uploads\/2026\/02\/Bild_Moritz_Rischanek-1413x1536.jpg 1413w, https:\/\/vssieghartskirchen.ac.at\/wp-content\/uploads\/2026\/02\/Bild_Moritz_Rischanek.jpg 1552w\" sizes=\"(max-width: 942px) 100vw, 942px\" \/><\/figure><div class=\"wp-block-media-text__content\">\n<p style=\"font-size:17px\">Prof. Moritz Rischanek, BEd <\/p>\n\n\n\n<p style=\"font-size:17px\"><\/p>\n<\/div><\/div>\n\n\n\n<p><\/p>\n\n\n\n<div class=\"wp-block-group alignwide is-layout-flow wp-block-group-is-layout-flow\"><div class=\"wp-block-group__inner-container\">\n<div class=\"wp-block-media-text alignwide is-stacked-on-mobile\" style=\"grid-template-columns:25% auto\"><figure class=\"wp-block-media-text__media\"><img decoding=\"async\" loading=\"lazy\" width=\"400\" height=\"600\" src=\"https:\/\/vssieghartskirchen.ac.at\/wp-content\/uploads\/2020\/12\/PetrisonGina.jpg\" alt=\"\" class=\"wp-image-242 size-full\" srcset=\"https:\/\/vssieghartskirchen.ac.at\/wp-content\/uploads\/2020\/12\/PetrisonGina.jpg 400w, https:\/\/vssieghartskirchen.ac.at\/wp-content\/uploads\/2020\/12\/PetrisonGina-200x300.jpg 200w\" sizes=\"(max-width: 400px) 100vw, 400px\" \/><\/figure><div class=\"wp-block-media-text__content\">\n<p style=\"font-size:17px\">Lic. Theol. Gheorghina Elisabeta Petrisor <\/p>\n\n\n\n<p style=\"font-size:17px\">(Rel. rk)<\/p>\n<\/div><\/div>\n<\/div><\/div>\n\n\n\n<div style=\"height:20px\" aria-hidden=\"true\" class=\"wp-block-spacer\"><\/div>\n\n\n\n<div class=\"wp-block-media-text alignwide is-stacked-on-mobile\" style=\"grid-template-columns:25% auto\"><figure class=\"wp-block-media-text__media\"><img decoding=\"async\" loading=\"lazy\" width=\"378\" height=\"534\" src=\"https:\/\/vssieghartskirchen.ac.at\/wp-content\/uploads\/2020\/12\/sadok.jpg\" alt=\"\" class=\"wp-image-224 size-full\" srcset=\"https:\/\/vssieghartskirchen.ac.at\/wp-content\/uploads\/2020\/12\/sadok.jpg 378w, https:\/\/vssieghartskirchen.ac.at\/wp-content\/uploads\/2020\/12\/sadok-212x300.jpg 212w\" sizes=\"(max-width: 378px) 100vw, 378px\" \/><\/figure><div class=\"wp-block-media-text__content\">\n<p style=\"font-size:17px\">Dipl.-P\u00e4d. Mag.phil. Mabrouk Sadok <\/p>\n\n\n\n<p style=\"font-size:17px\">(Rel. islam.)<\/p>\n<\/div><\/div>\n\n\n\n<div style=\"height:49px\" aria-hidden=\"true\" class=\"wp-block-spacer\"><\/div>\n\n\n\n<h2 class=\"wp-block-heading\">P\u00e4dagogische Unterst\u00fctzung<\/h2>\n\n\n\n<div class=\"wp-block-media-text alignwide is-stacked-on-mobile\" style=\"grid-template-columns:25% auto\"><figure class=\"wp-block-media-text__media\"><img decoding=\"async\" loading=\"lazy\" width=\"726\" height=\"1024\" src=\"https:\/\/vssieghartskirchen.ac.at\/wp-content\/uploads\/2021\/11\/051021-1620-e1637231776699-726x1024.jpg\" alt=\"\" class=\"wp-image-1459 size-full\" srcset=\"https:\/\/vssieghartskirchen.ac.at\/wp-content\/uploads\/2021\/11\/051021-1620-e1637231776699-726x1024.jpg 726w, https:\/\/vssieghartskirchen.ac.at\/wp-content\/uploads\/2021\/11\/051021-1620-e1637231776699-213x300.jpg 213w, https:\/\/vssieghartskirchen.ac.at\/wp-content\/uploads\/2021\/11\/051021-1620-e1637231776699-768x1084.jpg 768w, https:\/\/vssieghartskirchen.ac.at\/wp-content\/uploads\/2021\/11\/051021-1620-e1637231776699-1088x1536.jpg 1088w, https:\/\/vssieghartskirchen.ac.at\/wp-content\/uploads\/2021\/11\/051021-1620-e1637231776699-1451x2048.jpg 1451w, https:\/\/vssieghartskirchen.ac.at\/wp-content\/uploads\/2021\/11\/051021-1620-e1637231776699.jpg 1500w\" sizes=\"(max-width: 726px) 100vw, 726px\" \/><\/figure><div class=\"wp-block-media-text__content\">\n<p style=\"font-size:17px\">SL Gerlinde Neugebauer, BEd<\/p>\n\n\n\n<p style=\"font-size:17px\">(Sprachheillehrerin)<\/p>\n<\/div><\/div>\n\n\n\n<div style=\"height:20px\" aria-hidden=\"true\" class=\"wp-block-spacer\"><\/div>\n\n\n\n<div class=\"wp-block-media-text alignwide is-stacked-on-mobile\" style=\"grid-template-columns:25% auto\"><figure class=\"wp-block-media-text__media\"><img decoding=\"async\" loading=\"lazy\" width=\"1024\" height=\"1024\" src=\"https:\/\/vssieghartskirchen.ac.at\/wp-content\/uploads\/2020\/12\/team-1872378_1920-1024x1024.png\" alt=\"\" class=\"wp-image-209 size-full\" srcset=\"https:\/\/vssieghartskirchen.ac.at\/wp-content\/uploads\/2020\/12\/team-1872378_1920-1024x1024.png 1024w, https:\/\/vssieghartskirchen.ac.at\/wp-content\/uploads\/2020\/12\/team-1872378_1920-300x300.png 300w, https:\/\/vssieghartskirchen.ac.at\/wp-content\/uploads\/2020\/12\/team-1872378_1920-150x150.png 150w, https:\/\/vssieghartskirchen.ac.at\/wp-content\/uploads\/2020\/12\/team-1872378_1920-768x768.png 768w, https:\/\/vssieghartskirchen.ac.at\/wp-content\/uploads\/2020\/12\/team-1872378_1920-1536x1536.png 1536w, https:\/\/vssieghartskirchen.ac.at\/wp-content\/uploads\/2020\/12\/team-1872378_1920-70x70.png 70w, https:\/\/vssieghartskirchen.ac.at\/wp-content\/uploads\/2020\/12\/team-1872378_1920-246x246.png 246w, https:\/\/vssieghartskirchen.ac.at\/wp-content\/uploads\/2020\/12\/team-1872378_1920-276x276.png 276w, https:\/\/vssieghartskirchen.ac.at\/wp-content\/uploads\/2020\/12\/team-1872378_1920-125x125.png 125w, https:\/\/vssieghartskirchen.ac.at\/wp-content\/uploads\/2020\/12\/team-1872378_1920.png 1920w\" sizes=\"(max-width: 1024px) 100vw, 1024px\" \/><\/figure><div class=\"wp-block-media-text__content\">\n<p style=\"font-size:17px\">Barbara R\u00f6ssler, BEd MEd MBA<\/p>\n\n\n\n<p style=\"font-size:17px\">(Beratungslehrerin)<\/p>\n<\/div><\/div>\n\n\n\n<div style=\"height:20px\" aria-hidden=\"true\" class=\"wp-block-spacer\"><\/div>\n\n\n\n<div class=\"wp-block-media-text alignwide is-stacked-on-mobile\" style=\"grid-template-columns:26% auto\"><figure class=\"wp-block-media-text__media\"><img decoding=\"async\" loading=\"lazy\" width=\"1024\" height=\"1024\" src=\"https:\/\/vssieghartskirchen.ac.at\/wp-content\/uploads\/2020\/12\/team-1872378_1920-1-1024x1024.png\" alt=\"\" class=\"wp-image-226 size-full\" srcset=\"https:\/\/vssieghartskirchen.ac.at\/wp-content\/uploads\/2020\/12\/team-1872378_1920-1-1024x1024.png 1024w, https:\/\/vssieghartskirchen.ac.at\/wp-content\/uploads\/2020\/12\/team-1872378_1920-1-300x300.png 300w, https:\/\/vssieghartskirchen.ac.at\/wp-content\/uploads\/2020\/12\/team-1872378_1920-1-150x150.png 150w, https:\/\/vssieghartskirchen.ac.at\/wp-content\/uploads\/2020\/12\/team-1872378_1920-1-768x768.png 768w, https:\/\/vssieghartskirchen.ac.at\/wp-content\/uploads\/2020\/12\/team-1872378_1920-1-1536x1536.png 1536w, https:\/\/vssieghartskirchen.ac.at\/wp-content\/uploads\/2020\/12\/team-1872378_1920-1-70x70.png 70w, https:\/\/vssieghartskirchen.ac.at\/wp-content\/uploads\/2020\/12\/team-1872378_1920-1-246x246.png 246w, https:\/\/vssieghartskirchen.ac.at\/wp-content\/uploads\/2020\/12\/team-1872378_1920-1-276x276.png 276w, https:\/\/vssieghartskirchen.ac.at\/wp-content\/uploads\/2020\/12\/team-1872378_1920-1-125x125.png 125w, https:\/\/vssieghartskirchen.ac.at\/wp-content\/uploads\/2020\/12\/team-1872378_1920-1.png 1920w\" sizes=\"(max-width: 1024px) 100vw, 1024px\" \/><\/figure><div class=\"wp-block-media-text__content\">\n<p style=\"font-size:17px\">SOL Susanne Denk<\/p>\n\n\n\n<p style=\"font-size:17px\">(H\u00f6rbehindertenp\u00e4dagogik)<\/p>\n<\/div><\/div>\n\n\n\n<div class=\"wp-block-media-text alignwide is-stacked-on-mobile\" style=\"grid-template-columns:27% auto\"><figure class=\"wp-block-media-text__media\"><img decoding=\"async\" loading=\"lazy\" width=\"726\" height=\"1024\" src=\"https:\/\/vssieghartskirchen.ac.at\/wp-content\/uploads\/2025\/11\/081025-0814-726x1024.jpg\" alt=\"\" class=\"wp-image-3557 size-full\" srcset=\"https:\/\/vssieghartskirchen.ac.at\/wp-content\/uploads\/2025\/11\/081025-0814-726x1024.jpg 726w, https:\/\/vssieghartskirchen.ac.at\/wp-content\/uploads\/2025\/11\/081025-0814-213x300.jpg 213w, https:\/\/vssieghartskirchen.ac.at\/wp-content\/uploads\/2025\/11\/081025-0814-768x1084.jpg 768w, https:\/\/vssieghartskirchen.ac.at\/wp-content\/uploads\/2025\/11\/081025-0814-1089x1536.jpg 1089w, https:\/\/vssieghartskirchen.ac.at\/wp-content\/uploads\/2025\/11\/081025-0814-1451x2048.jpg 1451w, https:\/\/vssieghartskirchen.ac.at\/wp-content\/uploads\/2025\/11\/081025-0814-scaled.jpg 1814w\" sizes=\"(max-width: 726px) 100vw, 726px\" \/><\/figure><div class=\"wp-block-media-text__content\">\n<p style=\"font-size:17px\">Anni Eberl<\/p>\n\n\n\n<p style=\"font-size:17px\">(Schulassistentin)<\/p>\n<\/div><\/div>\n\n\n\n<p><\/p>\n\n\n\n<div class=\"wp-block-media-text alignwide is-stacked-on-mobile\" style=\"grid-template-columns:27% auto\"><figure class=\"wp-block-media-text__media\"><img decoding=\"async\" loading=\"lazy\" width=\"726\" height=\"1024\" src=\"https:\/\/vssieghartskirchen.ac.at\/wp-content\/uploads\/2021\/11\/051021-0175-e1637231824118-726x1024.jpg\" alt=\"\" class=\"wp-image-1460 size-full\" srcset=\"https:\/\/vssieghartskirchen.ac.at\/wp-content\/uploads\/2021\/11\/051021-0175-e1637231824118-726x1024.jpg 726w, https:\/\/vssieghartskirchen.ac.at\/wp-content\/uploads\/2021\/11\/051021-0175-e1637231824118-213x300.jpg 213w, https:\/\/vssieghartskirchen.ac.at\/wp-content\/uploads\/2021\/11\/051021-0175-e1637231824118-768x1084.jpg 768w, https:\/\/vssieghartskirchen.ac.at\/wp-content\/uploads\/2021\/11\/051021-0175-e1637231824118-1088x1536.jpg 1088w, https:\/\/vssieghartskirchen.ac.at\/wp-content\/uploads\/2021\/11\/051021-0175-e1637231824118-1451x2048.jpg 1451w, https:\/\/vssieghartskirchen.ac.at\/wp-content\/uploads\/2021\/11\/051021-0175-e1637231824118.jpg 1500w\" sizes=\"(max-width: 726px) 100vw, 726px\" \/><\/figure><div class=\"wp-block-media-text__content\">\n<p id=\"block-c932aa7b-b821-48b9-ba82-7d41a5aac806\">Milica Kostic<\/p>\n\n\n\n<p id=\"block-35658d8c-cbf8-4028-bcbe-5a6002693c09\">(Schulassistentin)<\/p>\n<\/div><\/div>\n\n\n\n<p><\/p>\n\n\n\n<div class=\"wp-block-media-text alignwide is-stacked-on-mobile\" style=\"grid-template-columns:27% auto\"><figure class=\"wp-block-media-text__media\"><img decoding=\"async\" loading=\"lazy\" width=\"681\" height=\"1024\" src=\"https:\/\/vssieghartskirchen.ac.at\/wp-content\/uploads\/2025\/11\/Lerntiger-Gruppenfoto-2025-681x1024.jpg\" alt=\"\" class=\"wp-image-3519 size-full\" srcset=\"https:\/\/vssieghartskirchen.ac.at\/wp-content\/uploads\/2025\/11\/Lerntiger-Gruppenfoto-2025-681x1024.jpg 681w, https:\/\/vssieghartskirchen.ac.at\/wp-content\/uploads\/2025\/11\/Lerntiger-Gruppenfoto-2025-200x300.jpg 200w, https:\/\/vssieghartskirchen.ac.at\/wp-content\/uploads\/2025\/11\/Lerntiger-Gruppenfoto-2025-768x1154.jpg 768w, https:\/\/vssieghartskirchen.ac.at\/wp-content\/uploads\/2025\/11\/Lerntiger-Gruppenfoto-2025-1022x1536.jpg 1022w, https:\/\/vssieghartskirchen.ac.at\/wp-content\/uploads\/2025\/11\/Lerntiger-Gruppenfoto-2025-1363x2048.jpg 1363w, https:\/\/vssieghartskirchen.ac.at\/wp-content\/uploads\/2025\/11\/Lerntiger-Gruppenfoto-2025-scaled.jpg 1703w\" sizes=\"(max-width: 681px) 100vw, 681px\" \/><\/figure><div class=\"wp-block-media-text__content\">\n<p id=\"block-c932aa7b-b821-48b9-ba82-7d41a5aac806\">Nachmittagsbetreuung (Lerntiger)<\/p>\n\n\n\n<p id=\"block-35658d8c-cbf8-4028-bcbe-5a6002693c09\">Fadime Sahing\u00f6z, Rose Uzar, Leonila Gratsch, Guzel Perl, Suna K\u00f6se, Noor Alazawe<\/p>\n<\/div><\/div>\n\n\n\n<div style=\"height:74px\" aria-hidden=\"true\" class=\"wp-block-spacer\"><\/div>\n\n\n\n<h2 class=\"wp-block-heading\">Schulwartin Andrea Geiger<\/h2>\n\n\n<h3>und ihr Team<\/h3>\n\n\n<div class=\"wp-block-columns is-layout-flex wp-container-4 wp-block-columns-is-layout-flex\">\n<div class=\"wp-block-column is-layout-flow wp-block-column-is-layout-flow\" style=\"flex-basis:100%\">\n<figure class=\"wp-block-image size-large is-resized\"><img decoding=\"async\" loading=\"lazy\" width=\"1024\" height=\"551\" src=\"https:\/\/vssieghartskirchen.ac.at\/wp-content\/uploads\/2021\/01\/Unbenannt-1024x551.png\" alt=\"\" class=\"wp-image-566\" style=\"width:568px;height:335px\" srcset=\"https:\/\/vssieghartskirchen.ac.at\/wp-content\/uploads\/2021\/01\/Unbenannt-1024x551.png 1024w, https:\/\/vssieghartskirchen.ac.at\/wp-content\/uploads\/2021\/01\/Unbenannt-300x161.png 300w, https:\/\/vssieghartskirchen.ac.at\/wp-content\/uploads\/2021\/01\/Unbenannt-768x413.png 768w, https:\/\/vssieghartskirchen.ac.at\/wp-content\/uploads\/2021\/01\/Unbenannt.png 1280w\" sizes=\"(max-width: 1024px) 100vw, 1024px\" \/><\/figure>\n<\/div>\n<\/div>\n\n\n\n<p>Unsere Schulwartin Andrea Geiger und ihr Team sorgen nicht nur daf\u00fcr, dass bei uns in der Schule alles blitzblank geputzt ist, sondern unterst\u00fctzen uns in allen Belangen. Egal ob beim Dekorieren der Schule, Gartenarbeit, kleinen &#8222;Wehwehchen&#8220; oder Boteng\u00e4ngen, wir sind unglaublich froh, dass wir immer auf sie z\u00e4hlen d\u00fcrfen!<\/p>\n\n\n\n<p><\/p>\n\n\n\n<h2 class=\"wp-block-heading\"><\/h2>\n ","protected":false},"excerpt":{"rendered":"<p>Prof. Sabrina Sekyra, BEd MEd Prof. Moritz Rischanek, BEd Lic. Theol. Gheorghina Elisabeta Petrisor (Rel. rk) Dipl.-P\u00e4d. Mag.phil. Mabrouk Sadok &hellip; <\/p>\n","protected":false},"author":1,"featured_media":0,"parent":0,"menu_order":0,"comment_status":"closed","ping_status":"closed","template":"","meta":{"ngg_post_thumbnail":0,"footnotes":""},"_links":{"self":[{"href":"https:\/\/vssieghartskirchen.ac.at\/index.php?rest_route=\/wp\/v2\/pages\/9"}],"collection":[{"href":"https:\/\/vssieghartskirchen.ac.at\/index.php?rest_route=\/wp\/v2\/pages"}],"about":[{"href":"https:\/\/vssieghartskirchen.ac.at\/index.php?rest_route=\/wp\/v2\/types\/page"}],"author":[{"embeddable":true,"href":"https:\/\/vssieghartskirchen.ac.at\/index.php?rest_route=\/wp\/v2\/users\/1"}],"replies":[{"embeddable":true,"href":"https:\/\/vssieghartskirchen.ac.at\/index.php?rest_route=%2Fwp%2Fv2%2Fcomments&post=9"}],"version-history":[{"count":62,"href":"https:\/\/vssieghartskirchen.ac.at\/index.php?rest_route=\/wp\/v2\/pages\/9\/revisions"}],"predecessor-version":[{"id":3726,"href":"https:\/\/vssieghartskirchen.ac.at\/index.php?rest_route=\/wp\/v2\/pages\/9\/revisions\/3726"}],"wp:attachment":[{"href":"https:\/\/vssieghartskirchen.ac.at\/index.php?rest_route=%2Fwp%2Fv2%2Fmedia&parent=9"}],"curies":[{"name":"wp","href":"https:\/\/api.w.org\/{rel}","templated":true}]}}